{"id":491,"date":"2014-10-22T09:04:03","date_gmt":"2014-10-22T09:04:03","guid":{"rendered":"http:\/\/www.art-design-driehsen.de\/?page_id=491"},"modified":"2016-08-29T14:07:19","modified_gmt":"2016-08-29T14:07:19","slug":"kontakt-2","status":"publish","type":"page","link":"https:\/\/www.art-design-driehsen.de\/?page_id=491","title":{"rendered":"Kontakt"},"content":{"rendered":"<p>&nbsp;<\/p>\n<p style=\"font-family: Calibri;font-size:medium;\"><strong>K\u00fcnstlerin: Elke Driehsen<\/strong><\/p>\n<p style=\"font-family: Calibri;font-size:medium;\"><strong>Sie k\u00f6nnen mich gerne \u00fcber E-Mail, Telefon oder \u00fcber das Kontaktformular erreichen:<\/strong><\/p>\n<p style=\"font-family: Calibri;font-size:medium;\">E-Mail: art-design-driehsen@gmx.de<\/p>\n<p style=\"font-family: Calibri;font-size:medium;\">Mobil: 0170-5177819<\/p>\n<p>&nbsp;<br \/>\n\n\n<!-- Fast Secure Contact Form plugin 4.0.52 - begin - FastSecureContactForm.com -->\r\n<div style=\"clear:both;\"><\/div>\n\r\n<div id=\"FSContact1\" style=\"width:99%; max-width:555px;\">\r\n<form action=\"https:\/\/www.art-design-driehsen.de\/index.php?rest_route=%2Fwp%2Fv2%2Fpages%2F491#FSContact1\" id=\"fscf_form1\" method=\"post\">\r\n\n<div id=\"fscf_div_clear1_0\" style=\"clear:both;\">\n  <div id=\"fscf_div_field1_0\" style=\"clear:left; float:left; width:99%; max-width:550px; margin-right:10px;\">\r\n    <div style=\"text-align:left; padding-top:5px;color:grey;font-family:Calibri;font-size:medium;\">\n      <label style=\"display:inline;\" for=\"fscf_name1\">Name:<\/label>\n    <\/div>\r\n    <div style=\"text-align:left;color:grey;font-family:Calibri;font-size:medium;\">\r\n      <input style=\"text-align:left; margin:0; width:99%; max-width:250px;\" type=\"text\" id=\"fscf_name1\" name=\"full_name\" value=\"\"  \/>\r\n    <\/div>\r\n  <\/div>\n<\/div>\n\n<div id=\"fscf_div_clear1_1\" style=\"clear:both;\">\n  <div id=\"fscf_div_field1_1\" style=\"clear:left; float:left; width:99%; max-width:550px; margin-right:10px;\">\n    <div style=\"text-align:left; padding-top:5px;color:grey;font-family:Calibri;font-size:medium;\">\n      <label style=\"display:inline;\" for=\"fscf_email1\">Email:<\/label>\n    <\/div>\n    <div style=\"text-align:left;color:grey;font-family:Calibri;font-size:medium;\">\n      <input style=\"text-align:left; margin:0; width:99%; max-width:250px;\" type=\"text\" id=\"fscf_email1\" name=\"email\" value=\"\"  \/>\n    <\/div>\n  <\/div>\n<\/div>\n\n<div id=\"fscf_div_clear1_2\" style=\"clear:both;\">\n  <div id=\"fscf_div_field1_2\" style=\"clear:left; float:left; width:99%; max-width:550px; margin-right:10px;\">\n    <div style=\"text-align:left; padding-top:5px;color:grey;font-family:Calibri;font-size:medium;\">\n      <label style=\"display:inline;\" for=\"fscf_field1_2\">Betreff:<\/label>\n    <\/div>\n    <div style=\"text-align:left;color:grey;font-family:Calibri;font-size:medium;\">\n      <input style=\"text-align:left; margin:0; width:99%; max-width:250px;\" type=\"text\" id=\"fscf_field1_2\" name=\"subject\" value=\"\"  \/>\n    <\/div>\n  <\/div>\n<\/div>\n\n<div id=\"fscf_div_clear1_3\" style=\"clear:both;\">\n  <div id=\"fscf_div_field1_3\" style=\"clear:left; float:left; width:99%; max-width:550px; margin-right:10px;\">\n    <div style=\"text-align:left; padding-top:5px;color:grey;font-family:Calibri;font-size:medium;\">\n      <label style=\"display:inline;\" for=\"fscf_field1_3\">Nachricht:<\/label>\n    <\/div>\n    <div style=\"text-align:left;color:grey;font-family:Calibri;font-size:medium;\">\n      <textarea style=\"text-align:left; margin:0; width:99%; max-width:250px; height:120px;\" id=\"fscf_field1_3\" name=\"message\" cols=\"30\" rows=\"10\" ><\/textarea>\n    <\/div>\n  <\/div>\n<\/div>\r\n<div style=\"clear:both;\"><\/div>\n\n<div id=\"fscf_submit_div1\" style=\"text-align:left; clear:both; padding-top:15px;\">\r\n\t\t<input type=\"submit\" id=\"fscf_submit1\" style=\"cursor:pointer; margin:0;\" value=\"senden\"  onclick=\"this.disabled=true; this.value='Submitting...'; this.form.submit();\" \/> \n<\/div>\n\n<input type=\"hidden\" name=\"fscf_submitted\" value=\"0\" \/>\n<input type=\"hidden\" name=\"fs_postonce_1\" value=\"ba62d27d695eae387ce68ec18b09258b,1777202760\" \/>\n<input type=\"hidden\" name=\"si_contact_action\" value=\"send\" \/>\n<input type=\"hidden\" name=\"form_id\" value=\"1\" \/>\n<input type=\"hidden\" name=\"mailto_id\" value=\"1\" \/>\n\n<\/form>\n<\/div>\r\n<div style=\"clear:both;\"><\/div>\n\n<!-- Fast Secure Contact Form plugin 4.0.52 - end - FastSecureContactForm.com -->\n <\/p>\n","protected":false},"excerpt":{"rendered":"<p>&nbsp; K\u00fcnstlerin: Elke Driehsen Sie k\u00f6nnen mich gerne \u00fcber E-Mail, Telefon oder \u00fcber das Kontaktformular erreichen: E-Mail: art-design-driehsen@gmx.de Mobil: 0170-5177819 &nbsp;<\/p>\n","protected":false},"author":2,"featured_media":0,"parent":0,"menu_order":6,"comment_status":"closed","ping_status":"closed","template":"","meta":{"_exactmetrics_skip_tracking":false,"_exactmetrics_sitenote_active":false,"_exactmetrics_sitenote_note":"","_exactmetrics_sitenote_category":0,"jetpack_post_was_ever_published":false,"footnotes":""},"tags":[],"class_list":["post-491","page","type-page","status-publish","hentry"],"jetpack_sharing_enabled":true,"jetpack_shortlink":"https:\/\/wp.me\/P9LTpv-7V","jetpack_likes_enabled":true,"jetpack-related-posts":[],"_links":{"self":[{"href":"https:\/\/www.art-design-driehsen.de\/index.php?rest_route=\/wp\/v2\/pages\/491","targetHints":{"allow":["GET"]}}],"collection":[{"href":"https:\/\/www.art-design-driehsen.de\/index.php?rest_route=\/wp\/v2\/pages"}],"about":[{"href":"https:\/\/www.art-design-driehsen.de\/index.php?rest_route=\/wp\/v2\/types\/page"}],"author":[{"embeddable":true,"href":"https:\/\/www.art-design-driehsen.de\/index.php?rest_route=\/wp\/v2\/users\/2"}],"replies":[{"embeddable":true,"href":"https:\/\/www.art-design-driehsen.de\/index.php?rest_route=%2Fwp%2Fv2%2Fcomments&post=491"}],"version-history":[{"count":0,"href":"https:\/\/www.art-design-driehsen.de\/index.php?rest_route=\/wp\/v2\/pages\/491\/revisions"}],"wp:attachment":[{"href":"https:\/\/www.art-design-driehsen.de\/index.php?rest_route=%2Fwp%2Fv2%2Fmedia&parent=491"}],"wp:term":[{"taxonomy":"post_tag","embeddable":true,"href":"https:\/\/www.art-design-driehsen.de\/index.php?rest_route=%2Fwp%2Fv2%2Ftags&post=491"}],"curies":[{"name":"wp","href":"https:\/\/api.w.org\/{rel}","templated":true}]}}